{"id":17,"date":"2017-04-12T14:02:29","date_gmt":"2017-04-12T14:02:29","guid":{"rendered":"http:\/\/www.didemebrukaraduman.com\/?page_id=17"},"modified":"2023-05-08T09:05:38","modified_gmt":"2023-05-08T09:05:38","slug":"hakkimda","status":"publish","type":"page","link":"http:\/\/www.didemebrukaraduman.com\/","title":{"rendered":"HAKKIMDA"},"content":{"rendered":"\t\t<div data-elementor-type=\"wp-page\" data-elementor-id=\"17\" class=\"elementor elementor-17\" data-elementor-settings=\"[]\">\n\t\t\t\t\t\t<div class=\"elementor-inner\">\n\t\t\t\t\t\t\t<div class=\"elementor-section-wrap\">\n\t\t\t\t\t\t\t<section class=\"elementor-section elementor-top-section elementor-element elementor-element-06831e6 elementor-section-boxed elementor-section-height-default elementor-section-height-default\" data-id=\"06831e6\" data-element_type=\"section\">\n\t\t\t\t\t\t<div class=\"elementor-container elementor-column-gap-default\">\n\t\t\t\t\t\t\t<div class=\"elementor-row\">\n\t\t\t\t\t<div class=\"elementor-column elementor-col-100 elementor-top-column elementor-element elementor-element-a918ced\" data-id=\"a918ced\" data-element_type=\"column\">\n\t\t\t<div class=\"elementor-column-wrap elementor-element-populated\">\n\t\t\t\t\t\t\t<div class=\"elementor-widget-wrap\">\n\t\t\t\t\t\t<section class=\"elementor-section elementor-inner-section elementor-element elementor-element-61e6fd9 elementor-section-boxed elementor-section-height-default elementor-section-height-default\" data-id=\"61e6fd9\" data-element_type=\"section\">\n\t\t\t\t\t\t<div class=\"elementor-container elementor-column-gap-default\">\n\t\t\t\t\t\t\t<div class=\"elementor-row\">\n\t\t\t\t\t<div class=\"elementor-column elementor-col-33 elementor-inner-column elementor-element elementor-element-e5e64a5\" data-id=\"e5e64a5\" data-element_type=\"column\">\n\t\t\t<div class=\"elementor-column-wrap elementor-element-populated\">\n\t\t\t\t\t\t\t<div class=\"elementor-widget-wrap\">\n\t\t\t\t\t\t<div class=\"elementor-element elementor-element-1b9f8dc elementor-widget-divider--view-line elementor-widget elementor-widget-divider\" data-id=\"1b9f8dc\" data-element_type=\"widget\" data-widget_type=\"divider.default\">\n\t\t\t\t<div class=\"elementor-widget-container\">\n\t\t\t\t\t<div class=\"elementor-divider\">\n\t\t\t<span class=\"elementor-divider-separator\">\n\t\t\t\t\t\t<\/span>\n\t\t<\/div>\n\t\t\t\t<\/div>\n\t\t\t\t<\/div>\n\t\t\t\t<div class=\"elementor-element elementor-element-08a54a7 elementor-widget elementor-widget-image\" data-id=\"08a54a7\" data-element_type=\"widget\" data-widget_type=\"image.default\">\n\t\t\t\t<div class=\"elementor-widget-container\">\n\t\t\t\t\t<div class=\"elementor-image\">\n\t\t\t\t\t\t\t\t\t\t<img width=\"467\" height=\"701\" src=\"http:\/\/www.didemebrukaraduman.com\/wp-content\/uploads\/2020\/10\/6.jpeg\" class=\"attachment-large size-large\" alt=\"\" loading=\"lazy\" srcset=\"http:\/\/www.didemebrukaraduman.com\/wp-content\/uploads\/2020\/10\/6.jpeg 467w, http:\/\/www.didemebrukaraduman.com\/wp-content\/uploads\/2020\/10\/6-200x300.jpeg 200w\" sizes=\"(max-width: 467px) 100vw, 467px\" \/>\t\t\t\t\t\t\t\t\t\t\t<\/div>\n\t\t\t\t<\/div>\n\t\t\t\t<\/div>\n\t\t\t\t\t\t<\/div>\n\t\t\t\t\t<\/div>\n\t\t<\/div>\n\t\t\t\t<div class=\"elementor-column elementor-col-33 elementor-inner-column elementor-element elementor-element-cbbf75a\" data-id=\"cbbf75a\" data-element_type=\"column\">\n\t\t\t<div class=\"elementor-column-wrap elementor-element-populated\">\n\t\t\t\t\t\t\t<div class=\"elementor-widget-wrap\">\n\t\t\t\t\t\t<div class=\"elementor-element elementor-element-c55478d elementor-widget-divider--view-line elementor-widget elementor-widget-divider\" data-id=\"c55478d\" data-element_type=\"widget\" data-widget_type=\"divider.default\">\n\t\t\t\t<div class=\"elementor-widget-container\">\n\t\t\t\t\t<div class=\"elementor-divider\">\n\t\t\t<span class=\"elementor-divider-separator\">\n\t\t\t\t\t\t<\/span>\n\t\t<\/div>\n\t\t\t\t<\/div>\n\t\t\t\t<\/div>\n\t\t\t\t<div class=\"elementor-element elementor-element-7aba357 elementor-widget elementor-widget-text-editor\" data-id=\"7aba357\" data-element_type=\"widget\" data-widget_type=\"text-editor.default\">\n\t\t\t\t<div class=\"elementor-widget-container\">\n\t\t\t\t\t<div class=\"elementor-text-editor elementor-clearfix\"><h2 style=\"text-align: center;\"><span style=\"color: #ffffff;\"><strong>Uzman Klinik Psikolog Didem Ebru Karaduman, Bah\u00e7e\u015fehir \u00dcniversitesi \u0130ngilizce Psikoloji b\u00f6l\u00fcm\u00fcnden mezun olmu\u015ftur. Y\u00fcksek lisans e\u011fitimini \u00dcsk\u00fcdar \u00dcniversitesi&#8217;nde Klinik Psikoloji alan\u0131nda yapm\u0131\u015ft\u0131r. EMDR Terapistidir.\u00a0<\/strong><\/span><\/h2><div><span style=\"color: #ffffff;\"><strong>Aile &amp; \u00c7ift Terapistidir.\u00a0<\/strong><\/span><\/div><div><span style=\"color: #ffffff;\"><strong>\u00a0<\/strong><\/span><\/div><div><span style=\"color: #ffffff;\">Ayn\u0131 zamanda\u0130stanbul \u00dcniversitesi \u00c7ocuk Geli\u015fimi B\u00f6l\u00fcm\u00fc&#8217;nden mezundur. Np Feneryolu T\u0131p Merkezi ve Np Byin Hastanesi&#8217;nde e\u011fitimlerine devam etmi\u015ftir.\u00a0<\/span><br \/><span style=\"color: #ffffff;\">Y\u00fczy\u00fcze ve online olarak dan\u0131\u015fanlar\u0131na hizmet vermektedir.<\/span><\/div><p>\u00a0<\/p><p>\u00a0<\/p><p>Clinical Psychologist Didem Ebru Karaduman graduated from Bah\u00e7e\u015fehir University Department of Psychology in English. She graduated from her master&#8217;s degree in Clinical Psychology at \u00dcsk\u00fcdar University.\u00a0<\/p><p>She also graduated from \u0130stanbul University Child Development Department.\u00a0<\/p><p>\u00a0<\/p><p>She is an EMDR therapist and her working area is on trauma and anxiety related illnesses.\u00a0<\/p><p>She is also family and couple therapist.\u00a0 She provides online and face to face therapy to her clients.<\/p><\/div>\n\t\t\t\t<\/div>\n\t\t\t\t<\/div>\n\t\t\t\t<div class=\"elementor-element elementor-element-1f18335 elementor-widget-divider--view-line elementor-widget elementor-widget-divider\" data-id=\"1f18335\" data-element_type=\"widget\" data-widget_type=\"divider.default\">\n\t\t\t\t<div class=\"elementor-widget-container\">\n\t\t\t\t\t<div class=\"elementor-divider\">\n\t\t\t<span class=\"elementor-divider-separator\">\n\t\t\t\t\t\t<\/span>\n\t\t<\/div>\n\t\t\t\t<\/div>\n\t\t\t\t<\/div>\n\t\t\t\t\t\t<\/div>\n\t\t\t\t\t<\/div>\n\t\t<\/div>\n\t\t\t\t<div class=\"elementor-column elementor-col-33 elementor-inner-column elementor-element elementor-element-fa3624f\" data-id=\"fa3624f\" data-element_type=\"column\">\n\t\t\t<div class=\"elementor-column-wrap elementor-element-populated\">\n\t\t\t\t\t\t\t<div class=\"elementor-widget-wrap\">\n\t\t\t\t\t\t<div class=\"elementor-element elementor-element-8d0ef46 elementor-widget-divider--view-line elementor-widget elementor-widget-divider\" data-id=\"8d0ef46\" data-element_type=\"widget\" data-widget_type=\"divider.default\">\n\t\t\t\t<div class=\"elementor-widget-container\">\n\t\t\t\t\t<div class=\"elementor-divider\">\n\t\t\t<span class=\"elementor-divider-separator\">\n\t\t\t\t\t\t<\/span>\n\t\t<\/div>\n\t\t\t\t<\/div>\n\t\t\t\t<\/div>\n\t\t\t\t<div class=\"elementor-element elementor-element-54bb6c4 elementor-align-center elementor-icon-list--layout-traditional elementor-list-item-link-full_width elementor-widget elementor-widget-icon-list\" data-id=\"54bb6c4\" data-element_type=\"widget\" data-widget_type=\"icon-list.default\">\n\t\t\t\t<div class=\"elementor-widget-container\">\n\t\t\t\t\t<ul class=\"elementor-icon-list-items\">\n\t\t\t\t\t\t\t<li class=\"elementor-icon-list-item\">\n\t\t\t\t\t\t\t\t\t\t\t<span class=\"elementor-icon-list-icon\">\n\t\t\t\t\t\t\t<i aria-hidden=\"true\" class=\"fas fa-check\"><\/i>\t\t\t\t\t\t<\/span>\n\t\t\t\t\t\t\t\t\t\t<span class=\"elementor-icon-list-text\">TERAP\u0130LER<\/span>\n\t\t\t\t\t\t\t\t\t<\/li>\n\t\t\t\t\t\t\t\t<li class=\"elementor-icon-list-item\">\n\t\t\t\t\t\t\t\t\t\t\t<span class=\"elementor-icon-list-icon\">\n\t\t\t\t\t\t\t<i aria-hidden=\"true\" class=\"fas fa-check\"><\/i>\t\t\t\t\t\t<\/span>\n\t\t\t\t\t\t\t\t\t\t<span class=\"elementor-icon-list-text\">FOTO\u011eRAF VE V\u0130DEOLAR<\/span>\n\t\t\t\t\t\t\t\t\t<\/li>\n\t\t\t\t\t\t\t\t<li class=\"elementor-icon-list-item\">\n\t\t\t\t\t<a href=\"http:\/\/www.didemebrukaraduman.com\/?page_id=21\">\t\t\t\t\t\t<span class=\"elementor-icon-list-icon\">\n\t\t\t\t\t\t\t<i aria-hidden=\"true\" class=\"fas fa-chalkboard-teacher\"><\/i>\t\t\t\t\t\t<\/span>\n\t\t\t\t\t\t\t\t\t\t<span class=\"elementor-icon-list-text\">B\u0130ZE ULA\u015eIN<\/span>\n\t\t\t\t\t\t\t\t\t\t\t<\/a>\n\t\t\t\t\t\t\t\t\t<\/li>\n\t\t\t\t\t\t\t\t<li class=\"elementor-icon-list-item\">\n\t\t\t\t\t\t\t\t\t\t\t<span class=\"elementor-icon-list-icon\">\n\t\t\t\t\t\t\t<i aria-hidden=\"true\" class=\"fas fa-graduation-cap\"><\/i>\t\t\t\t\t\t<\/span>\n\t\t\t\t\t\t\t\t\t\t<span class=\"elementor-icon-list-text\">D\u0130PLOMALAR VE SERT\u0130F\u0130KALAR<\/span>\n\t\t\t\t\t\t\t\t\t<\/li>\n\t\t\t\t\t\t<\/ul>\n\t\t\t\t<\/div>\n\t\t\t\t<\/div>\n\t\t\t\t\t\t<\/div>\n\t\t\t\t\t<\/div>\n\t\t<\/div>\n\t\t\t\t\t\t\t\t<\/div>\n\t\t\t\t\t<\/div>\n\t\t<\/section>\n\t\t\t\t\t\t<\/div>\n\t\t\t\t\t<\/div>\n\t\t<\/div>\n\t\t\t\t\t\t\t\t<\/div>\n\t\t\t\t\t<\/div>\n\t\t<\/section>\n\t\t\t\t\t\t<\/div>\n\t\t\t\t\t\t<\/div>\n\t\t\t\t\t<\/div>\n\t\t","protected":false},"excerpt":{"rendered":"<p>Uzman Klinik Psikolog Didem Ebru Karaduman, Bah\u00e7e\u015fehir \u00dcniversitesi \u0130ngilizce Psikoloji b\u00f6l\u00fcm\u00fcnden mezun olmu\u015ftur. Y\u00fcksek lisans e\u011fitimini \u00dcsk\u00fcdar \u00dcniversitesi&#8217;nde Klinik Psikoloji alan\u0131nda yapm\u0131\u015ft\u0131r. EMDR Terapistidir.&nbsp; Aile &amp; \u00c7ift Terapistidir.&nbsp;&nbsp;Ayn\u0131 zamanda\u0130stanbul \u00dcniversitesi \u00c7ocuk Geli\u015fimi B\u00f6l\u00fcm\u00fc&#8217;nden mezundur. Np Feneryolu T\u0131p Merkezi ve Np Byin Hastanesi&#8217;nde e\u011fitimlerine devam etmi\u015ftir.&nbsp; Y\u00fczy\u00fcze ve online olarak dan\u0131\u015fanlar\u0131na hizmet vermektedir. Clinical Psychologist Didem [&hellip;]<\/p>\n","protected":false},"author":1,"featured_media":0,"parent":0,"menu_order":0,"comment_status":"closed","ping_status":"closed","template":"elementor_header_footer","meta":[],"_links":{"self":[{"href":"http:\/\/www.didemebrukaraduman.com\/index.php?rest_route=\/wp\/v2\/pages\/17"}],"collection":[{"href":"http:\/\/www.didemebrukaraduman.com\/index.php?rest_route=\/wp\/v2\/pages"}],"about":[{"href":"http:\/\/www.didemebrukaraduman.com\/index.php?rest_route=\/wp\/v2\/types\/page"}],"author":[{"embeddable":true,"href":"http:\/\/www.didemebrukaraduman.com\/index.php?rest_route=\/wp\/v2\/users\/1"}],"replies":[{"embeddable":true,"href":"http:\/\/www.didemebrukaraduman.com\/index.php?rest_route=%2Fwp%2Fv2%2Fcomments&post=17"}],"version-history":[{"count":58,"href":"http:\/\/www.didemebrukaraduman.com\/index.php?rest_route=\/wp\/v2\/pages\/17\/revisions"}],"predecessor-version":[{"id":623,"href":"http:\/\/www.didemebrukaraduman.com\/index.php?rest_route=\/wp\/v2\/pages\/17\/revisions\/623"}],"wp:attachment":[{"href":"http:\/\/www.didemebrukaraduman.com\/index.php?rest_route=%2Fwp%2Fv2%2Fmedia&parent=17"}],"curies":[{"name":"wp","href":"https:\/\/api.w.org\/{rel}","templated":true}]}}