{"id":19,"date":"2017-04-12T14:03:15","date_gmt":"2017-04-12T14:03:15","guid":{"rendered":"http:\/\/www.didemebrukaraduman.com\/?page_id=19"},"modified":"2023-05-08T08:21:56","modified_gmt":"2023-05-08T08:21:56","slug":"terapiler","status":"publish","type":"page","link":"http:\/\/www.didemebrukaraduman.com\/?page_id=19","title":{"rendered":"TERAP\u0130LER"},"content":{"rendered":"<h1 style=\"text-align: center;\">TERAP\u0130LER<\/h1>\n<div class=\"mb-1-5\" style=\"text-align: center;\"><span class=\"text-body\">Y\u00dcZY\u00dcZE TERAP&#8221;\u0130<\/span><\/div>\n<div style=\"text-align: center;\">ONLINE TERAP\u0130<\/div>\n<div style=\"text-align: center;\"><\/div>\n<div class=\"mb-1-5\" style=\"text-align: center;\"><span class=\"text-body\">Afirmatif Terapi<\/span><\/div>\n<div class=\"mb-1-5\" style=\"text-align: center;\"><span class=\"text-body\">Aile Dan\u0131\u015fmanl\u0131\u011f\u0131<\/span><\/div>\n<div class=\"mb-1-5\" style=\"text-align: center;\"><span class=\"text-body\">Aile Terapisi<\/span><\/div>\n<div class=\"mb-1-5\" style=\"text-align: center;\"><span class=\"text-body\">Aile \u0130\u00e7i \u0130leti\u015fim Sorunlar\u0131<\/span><\/div>\n<div class=\"mb-1-5\" style=\"text-align: center;\"><span class=\"text-body\">Anne-Baba E\u011fitimi ve Dan\u0131\u015fmanl\u0131\u011f\u0131<\/span><\/div>\n<div class=\"mb-1-5\" style=\"text-align: center;\"><span class=\"text-body\">A\u011flama ve \u00d6fke N\u00f6betleri<\/span><\/div>\n<div class=\"mb-1-5\" style=\"text-align: center;\"><span class=\"text-body\">Ba\u011f\u0131ml\u0131l\u0131k Dan\u0131\u015fmanl\u0131\u011f\u0131<\/span><\/div>\n<div class=\"mb-1-5\" style=\"text-align: center;\"><span class=\"text-body\">Beck Anksiyete \u00d6l\u00e7e\u011fi De\u011ferlendirme<\/span><\/div>\n<div class=\"mb-1-5\" style=\"text-align: center;\"><span class=\"text-body\">Beck Depresyon \u00d6l\u00e7e\u011fi<\/span><\/div>\n<div class=\"mb-1-5\" style=\"text-align: center;\"><span class=\"text-body\">Bili\u015fsel Davran\u0131\u015f\u00e7\u0131 Terapi<\/span><\/div>\n<div class=\"mb-1-5\" style=\"text-align: center;\"><span class=\"text-body\">Bireysel Terapi<\/span><\/div>\n<div class=\"mb-1-5\" style=\"text-align: center;\"><span class=\"text-body\">Bo\u015fanma Dan\u0131\u015fmanl\u0131\u011f\u0131<\/span><\/div>\n<div class=\"mb-1-5\" style=\"text-align: center;\"><span class=\"text-body\">Bo\u015fanma Terapisi<\/span><\/div>\n<div class=\"mb-1-5\" style=\"text-align: center;\"><span class=\"text-body\">B\u00fct\u00fcnc\u00fcl Psikoterapi<\/span><\/div>\n<div class=\"mb-1-5\" style=\"text-align: center;\"><span class=\"text-body\">Davran\u0131\u015f Bozukluklar\u0131<\/span><\/div>\n<div class=\"mb-1-5\" style=\"text-align: center;\"><span class=\"text-body\">Dikkat Eksikli\u011fi ve Hiperaktivite<\/span><\/div>\n<div class=\"mb-1-5\" style=\"text-align: center;\"><span class=\"text-body\">Durumluk Anksiyete \u00d6l\u00e7e\u011fi<\/span><\/div>\n<div class=\"mb-1-5\" style=\"text-align: center;\"><span class=\"text-body\">Duygu Odakl\u0131 Terapi (EFT)<\/span><\/div>\n<div class=\"mb-1-5\" style=\"text-align: center;\"><span class=\"text-body\">Ebeveyn Dan\u0131\u015fmanl\u0131\u011f\u0131<\/span><\/div>\n<div class=\"mb-1-5\" style=\"text-align: center;\"><span class=\"text-body\">Eklektik Yakla\u015f\u0131m<\/span><\/div>\n<div class=\"mb-1-5\" style=\"text-align: center;\"><span class=\"text-body\">EMDR Terapi<\/span><\/div>\n<div class=\"mb-1-5\" style=\"text-align: center;\"><span class=\"text-body\">Evlilik Dan\u0131\u015fmanl\u0131\u011f\u0131<\/span><\/div>\n<div class=\"mb-1-5\" style=\"text-align: center;\"><span class=\"text-body\">Evlilik Terapisi<\/span><\/div>\n<div class=\"mb-1-5\" style=\"text-align: center;\"><span class=\"text-body\">Evlilik \u00d6ncesi Dan\u0131\u015fmanl\u0131k<\/span><\/div>\n<div class=\"mb-1-5\" style=\"text-align: center;\"><span class=\"text-body\">Fobilerden Kurtulmak<\/span><\/div>\n<div class=\"mb-1-5\" style=\"text-align: center;\"><span class=\"text-body\">Gottman \u00c7ift Terapisi<\/span><\/div>\n<div class=\"mb-1-5\" style=\"text-align: center;\"><span class=\"text-body\">Ko\u00e7luk Hizmetleri<\/span><\/div>\n<div class=\"mb-1-5\" style=\"text-align: center;\"><span class=\"text-body\">Mindfulness (Bilin\u00e7li Fark\u0131ndal\u0131k) E\u011fitimi<\/span><\/div>\n<div class=\"mb-1-5\" style=\"text-align: center;\"><span class=\"text-body\">Mmpi- Minnesota \u00c7ok Y\u00f6nl\u00fc Ki\u015filik Envanteri<\/span><\/div>\n<div class=\"mb-1-5\" style=\"text-align: center;\"><span class=\"text-body\">Psikolojik Sa\u011flaml\u0131k Program\u0131<\/span><\/div>\n<div class=\"mb-1-5\" style=\"text-align: center;\"><span class=\"text-body\">Psikoterapi<\/span><\/div>\n<div class=\"mb-1-5\" style=\"text-align: center;\"><span class=\"text-body\">SCL90-R Psikolojik Belirti Tarama Testi<\/span><\/div>\n<div class=\"mb-1-5\" style=\"text-align: center;\"><span class=\"text-body\">S\u00fcreklilik Anksiyete \u00d6l\u00e7e\u011fi<\/span><\/div>\n<div class=\"mb-1-5\" style=\"text-align: center;\"><span class=\"text-body\">Wisc-R-\u00c7ocuklar \u0130\u00e7in Zeka Testi<\/span><\/div>\n<div class=\"mb-1-5\" style=\"text-align: center;\"><span class=\"text-body\">Yale-Brown Obsesyon Kompulsiyon Derecelendirme \u00d6l\u00e7e\u011fi<\/span><\/div>\n<div class=\"mb-1-5\" style=\"text-align: center;\"><span class=\"text-body\">Yas Terapisi<\/span><\/div>\n<div class=\"mb-1-5\" style=\"text-align: center;\"><span class=\"text-body\">Yeti\u015fkin Terapisi<\/span><\/div>\n<div class=\"mb-1-5\" style=\"text-align: center;\"><span class=\"text-body\">\u00c7ift Terapisi<\/span><\/div>\n<div class=\"mb-1-5\" style=\"text-align: center;\"><span class=\"text-body\">\u00c7ocuk ve Ergenler i\u00e7in EMDR<\/span><\/div>\n<div class=\"mb-1-5\" style=\"text-align: center;\"><span class=\"text-body\">\u00c7\u00f6z\u00fcm Odakl\u0131 Terapi<\/span><\/div>\n<div class=\"mb-1-5\" style=\"text-align: center;\"><span class=\"text-body\">\u00d6n G\u00f6r\u00fc\u015fme<\/span><\/div>\n<div class=\"mb-1-5\" style=\"text-align: center;\"><span class=\"text-body\">\u0130li\u015fki Terapisi<\/span><\/div>\n<div class=\"mb-1-5\" style=\"text-align: center;\"><span class=\"text-body\">\u015eema Terapi<\/span><\/div>\n","protected":false},"excerpt":{"rendered":"<p>TERAP\u0130LER Y\u00dcZY\u00dcZE TERAP&#8221;\u0130 ONLINE TERAP\u0130 Afirmatif Terapi Aile Dan\u0131\u015fmanl\u0131\u011f\u0131 Aile Terapisi Aile \u0130\u00e7i \u0130leti\u015fim Sorunlar\u0131 Anne-Baba E\u011fitimi ve Dan\u0131\u015fmanl\u0131\u011f\u0131 A\u011flama ve \u00d6fke N\u00f6betleri Ba\u011f\u0131ml\u0131l\u0131k Dan\u0131\u015fmanl\u0131\u011f\u0131 Beck Anksiyete \u00d6l\u00e7e\u011fi De\u011ferlendirme Beck Depresyon \u00d6l\u00e7e\u011fi Bili\u015fsel Davran\u0131\u015f\u00e7\u0131 Terapi Bireysel Terapi Bo\u015fanma Dan\u0131\u015fmanl\u0131\u011f\u0131 Bo\u015fanma Terapisi B\u00fct\u00fcnc\u00fcl Psikoterapi Davran\u0131\u015f Bozukluklar\u0131 Dikkat Eksikli\u011fi ve Hiperaktivite Durumluk Anksiyete \u00d6l\u00e7e\u011fi Duygu Odakl\u0131 Terapi [&hellip;]<\/p>\n","protected":false},"author":1,"featured_media":0,"parent":0,"menu_order":0,"comment_status":"closed","ping_status":"closed","template":"","meta":[],"_links":{"self":[{"href":"http:\/\/www.didemebrukaraduman.com\/index.php?rest_route=\/wp\/v2\/pages\/19"}],"collection":[{"href":"http:\/\/www.didemebrukaraduman.com\/index.php?rest_route=\/wp\/v2\/pages"}],"about":[{"href":"http:\/\/www.didemebrukaraduman.com\/index.php?rest_route=\/wp\/v2\/types\/page"}],"author":[{"embeddable":true,"href":"http:\/\/www.didemebrukaraduman.com\/index.php?rest_route=\/wp\/v2\/users\/1"}],"replies":[{"embeddable":true,"href":"http:\/\/www.didemebrukaraduman.com\/index.php?rest_route=%2Fwp%2Fv2%2Fcomments&post=19"}],"version-history":[{"count":9,"href":"http:\/\/www.didemebrukaraduman.com\/index.php?rest_route=\/wp\/v2\/pages\/19\/revisions"}],"predecessor-version":[{"id":607,"href":"http:\/\/www.didemebrukaraduman.com\/index.php?rest_route=\/wp\/v2\/pages\/19\/revisions\/607"}],"wp:attachment":[{"href":"http:\/\/www.didemebrukaraduman.com\/index.php?rest_route=%2Fwp%2Fv2%2Fmedia&parent=19"}],"curies":[{"name":"wp","href":"https:\/\/api.w.org\/{rel}","templated":true}]}}